{"id":100,"date":"2022-02-02T14:31:33","date_gmt":"2022-02-02T14:31:33","guid":{"rendered":"http:\/\/koanrefonte\/?page_id=100"},"modified":"2022-02-12T13:44:23","modified_gmt":"2022-02-12T13:44:23","slug":"mentions-legales","status":"publish","type":"page","link":"https:\/\/www.koanpan.com\/en\/mentions-legales\/","title":{"rendered":"Legal Notice"},"content":{"rendered":"<div data-elementor-type=\"wp-page\" data-elementor-id=\"100\" class=\"elementor elementor-100\">\n\t\t\t\t\t\t<section class=\"elementor-section elementor-top-section elementor-element elementor-element-253ddd9d elementor-section-full_width elementor-section-height-min-height elementor-section-height-default elementor-section-items-middle\" data-id=\"253ddd9d\" data-element_type=\"section\" data-settings=\"{&quot;background_background&quot;:&quot;classic&quot;}\">\n\t\t\t\t\t\t\t<div class=\"elementor-background-overlay\"><\/div>\n\t\t\t\t\t\t\t<div class=\"elementor-container elementor-column-gap-default\">\n\t\t\t\t\t<div class=\"elementor-column elementor-col-100 elementor-top-column elementor-element elementor-element-543b7433\" data-id=\"543b7433\" data-element_type=\"column\">\n\t\t\t<div class=\"elementor-widget-wrap\">\n\t\t\t\t\t\t\t<\/div>\n\t\t<\/div>\n\t\t\t\t\t<\/div>\n\t\t<\/section>\n\t\t\t\t<section class=\"elementor-section elementor-top-section elementor-element elementor-element-70f7647 elementor-section-boxed elementor-section-height-default elementor-section-height-default\" data-id=\"70f7647\" data-element_type=\"section\" data-settings=\"{&quot;background_background&quot;:&quot;classic&quot;}\">\n\t\t\t\t\t\t<div class=\"elementor-container elementor-column-gap-default\">\n\t\t\t\t\t<div class=\"elementor-column elementor-col-100 elementor-top-column elementor-element elementor-element-920b2a1\" data-id=\"920b2a1\" data-element_type=\"column\">\n\t\t\t<div class=\"elementor-widget-wrap elementor-element-populated\">\n\t\t\t\t\t\t<div class=\"elementor-element elementor-element-3e32d35 elementor-widget elementor-widget-heading\" data-id=\"3e32d35\" data-element_type=\"widget\" data-widget_type=\"heading.default\">\n\t\t\t\t<div class=\"elementor-widget-container\">\n\t\t\t\t\t<h2 class=\"elementor-heading-title elementor-size-default\">Legal Notice<\/h2>\t\t\t\t<\/div>\n\t\t\t\t<\/div>\n\t\t\t\t<div class=\"elementor-element elementor-element-29b8d8f elementor-widget elementor-widget-text-editor\" data-id=\"29b8d8f\" data-element_type=\"widget\" data-widget_type=\"text-editor.default\">\n\t\t\t\t<div class=\"elementor-widget-container\">\n\t\t\t\t\t\t\t\t\t<p>Conform\u00e9ment aux dispositions des articles 6-III et 19 de la loi pour la Confiance dans l\u2019\u00e9conomie Num\u00e9rique, nous vous informons que :<\/p><ol><li>Informations l\u00e9gales<\/li><\/ol><p>KOAN<\/p><p><strong>43520 Araules<\/strong><\/p><p><strong>SIRET 48766651300022<\/strong><\/p><p>Conception Internet &amp; r\u00e9f\u00e9rencement\u00a0<strong>:\u00a0<\/strong><\/p><p><b>missblue.contact@gmail.com.com<\/b><\/p><p>H\u00e9bergement :<\/p><p><strong>OVH<\/strong><br \/><strong>2 Rue Kellerman<\/strong><br \/><strong>59100 Roubaix, FRANCE<\/strong><\/p><ol start=\"2\"><li>Limitation de responsabilit\u00e9<\/li><\/ol><p>L\u2019utilisateur reconna\u00eet avoir pris connaissance des pr\u00e9sentes conditions d\u2019utilisation et s\u2019engage \u00e0 les respecter. L\u2019utilisateur de ce site internet reconna\u00eet disposer de la comp\u00e9tence et des moyens n\u00e9cessaires pour acc\u00e9der et utiliser ce site. Les propri\u00e9taires mettent tout en \u0153uvre pour offrir aux utilisateurs des informations et\/ou des outils disponibles et v\u00e9rifi\u00e9s mais ne saurait \u00eatre tenus pour responsables des erreurs, d\u2019une absence de disponibilit\u00e9 des fonctionnalit\u00e9s et\/ou de la pr\u00e9sence de virus sur son site. Les propri\u00e9taires ne sauraient garantir l\u2019exactitude, la compl\u00e9tude, l\u2019actualit\u00e9 des informations diffus\u00e9es sur son site. En cons\u00e9quence, l\u2019utilisateur reconna\u00eet utiliser ces informations sous sa responsabilit\u00e9 exclusive.<\/p><ol start=\"3\"><li>Informatique et Libert\u00e9s<\/li><\/ol><p>En application de la loi n\u00b078-17 du 6 janvier 1978 modifi\u00e9e, relative \u00e0 l\u2019informatique, aux fichiers et aux libert\u00e9s, le site web a fait l\u2019objet d\u2019une d\u00e9claration aupr\u00e8s de la Commission Nationale de l\u2019Informatique et des Libert\u00e9s (www.cnil.fr) au titre du traitement de fichiers clients \/ prospect NS-48.<\/p><p>Il fait l\u2019objet de la Dispense n\u00b06 \u2013 D\u00e9lib\u00e9ration n\u00b0 2005-284 du 22 novembre 2005 d\u00e9cidant la dispense de d\u00e9claration des sites web diffusant ou collectant des donn\u00e9es \u00e0 caract\u00e8re personnel mis en \u0153uvre par des particuliers dans le cadre d\u2019une activit\u00e9 exclusivement personnelle.<\/p><ol start=\"4\"><li>Cookies<\/li><\/ol><p>L\u2019utilisateur est inform\u00e9 que lors de ses visites sur le site, un cookie peut s\u2019installer automatiquement sur son logiciel de navigation. Le param\u00e9trage du logiciel de navigation permet d\u2019informer de la pr\u00e9sence de cookies et \u00e9ventuellement, de la refuser de la mani\u00e8re d\u00e9crite \u00e0 l\u2019adresse suivante : www.cnil.fr. L\u2019utilisateur dispose de l\u2019ensemble des droits susvis\u00e9s s\u2019agissant des donn\u00e9es \u00e0 caract\u00e8re personnel communiqu\u00e9es par le biais des cookies dans les conditions indiqu\u00e9es ci-dessus. Ils doivent notamment s\u2019abstenir, s\u2019agissant des informations \u00e0 caract\u00e8re personnel auxquelles ils acc\u00e8dent ou pourraient acc\u00e9der, de toute collecte, de toute utilisation d\u00e9tourn\u00e9e d\u2019une mani\u00e8re g\u00e9n\u00e9rale, de tout acte susceptible de porter atteinte \u00e0 la vie priv\u00e9e ou \u00e0 la r\u00e9putation des personnes.<\/p><ol start=\"5\"><li>R\u00e9glementation G\u00e9n\u00e9rale de la Protection des Donn\u00e9es<\/li><\/ol><p>Le site internet\u00a0<strong>koanpan.com\u00a0<\/strong>respecte la r\u00e9glementation RGPD entr\u00e9e en vigueur le 25 mai 2018. Nous indiquons aux utilisateurs de ce site que des donn\u00e9es sont collect\u00e9es soit pour am\u00e9liorer l\u2019exp\u00e9rience utilisateur soit pour permettre un suivi des demandes par le biais de ce site. Le r\u00e9f\u00e9rent DPO du RGPD est\u00a0<strong>KOAN. <\/strong>Les donn\u00e9es sont collect\u00e9es pour une dur\u00e9e maximale d\u2019un an et ne sont pas communiqu\u00e9es \u00e0 des tiers. Aucun sous-traitant n\u2019a acc\u00e8s aux donn\u00e9es du site koanpan<strong>.com\u00a0\u00a0<\/strong>\u00e0 l\u2019exception des prestataires pour la maintenance du site. Les donn\u00e9es sont :<\/p><ul><li>Donn\u00e9es de navigation : navigateur, syst\u00e8me d\u2019exploitation, type de support, pays ou localisation, adresse IP<\/li><\/ul><p>L\u2019internaute peut faire valoir son droit de connaissances des donn\u00e9es que nous avons en notre possession et peut demander la suppression de ces donn\u00e9es en contactant le r\u00e9f\u00e9rent DPO.\u00a0<\/p><ol start=\"6\"><li>Propri\u00e9t\u00e9 intellectuelle<\/li><\/ol><p>Sauf indications contraires, les logos, graphiques, marques et\/ou enseignes figurant sur ce site, y compris et de fa\u00e7on non exhaustive, sont des marques d\u00e9pos\u00e9es et ne peuvent \u00eatre utilis\u00e9es \u00e0 des fins commerciales sans accord \u00e9crit pr\u00e9alable.<\/p><ol start=\"7\"><li>Accessibilit\u00e9 \/ standards du web<\/li><\/ol><p>La loi sur le handicap a \u00e9t\u00e9 adopt\u00e9e le 3 f\u00e9vrier 2005. Dans son volet internet, elle impose aux sites de l\u2019administration en ligne de devenir \u00abaccessibles aux personnes handicap\u00e9es\u00bb. Le d\u00e9cret officiel est paru au mois de mai 2009 et impose aux administrations de se mettre en conformit\u00e9 \u00e0 la date du 16 mai 2012.<\/p><p>Le code XHTML du site Internet koanpan<strong>.com\u00a0 \u00a0<\/strong>est conforme \u00e0 la Sp\u00e9cification XHTML 1.0. Il est test\u00e9 \u00e0 l\u2019aide du validateur HTML du W3C. Le code de programmation r\u00e9pond aux normes W3C de niveau AA.<\/p><p>Ces normes sont indispensables aux sites Internet. Elles permettent d\u2019avoir :<\/p><ul><li>Une meilleure compatibilit\u00e9 entre les navigateurs Internet<\/li><li>Une lecture du code de programmation par les dispositifs techniques des personnes handicap\u00e9es. Une erreur dans le code peut entrainer une lisibilit\u00e9 partielle de la page par ces logiciels.<\/li><\/ul>\t\t\t\t\t\t\t\t<\/div>\n\t\t\t\t<\/div>\n\t\t\t\t\t<\/div>\n\t\t<\/div>\n\t\t\t\t\t<\/div>\n\t\t<\/section>\n\t\t\t\t<\/div>","protected":false},"excerpt":{"rendered":"<p>Mentions l\u00e9gales Conform\u00e9ment aux dispositions des articles 6-III et 19 de la loi pour la Confiance dans l\u2019\u00e9conomie Num\u00e9rique, nous vous informons que : Informations l\u00e9gales KOAN 43520 Araules SIRET 48766651300022 Conception Internet &amp; r\u00e9f\u00e9rencement\u00a0:\u00a0 missblue.contact@gmail.com.com H\u00e9bergement : OVH2 Rue Kellerman59100 Roubaix, FRANCE Limitation de responsabilit\u00e9 L\u2019utilisateur reconna\u00eet avoir pris connaissance des pr\u00e9sentes conditions d\u2019utilisation [&hellip;]<\/p>","protected":false},"author":1,"featured_media":0,"parent":0,"menu_order":0,"comment_status":"closed","ping_status":"closed","template":"","meta":{"site-sidebar-layout":"no-sidebar","site-content-layout":"page-builder","ast-site-content-layout":"default","site-content-style":"default","site-sidebar-style":"default","ast-global-header-display":"","ast-banner-title-visibility":"","ast-main-header-display":"","ast-hfb-above-header-display":"","ast-hfb-below-header-display":"","ast-hfb-mobile-header-display":"","site-post-title":"disabled","ast-breadcrumbs-content":"disabled","ast-featured-img":"disabled","footer-sml-layout":"","ast-disable-related-posts":"","theme-transparent-header-meta":"enabled","adv-header-id-meta":"","stick-header-meta":"","header-above-stick-meta":"","header-main-stick-meta":"","header-below-stick-meta":"","astra-migrate-meta-layouts":"default","ast-page-background-enabled":"default","ast-page-background-meta":{"desktop":{"background-color":"var(--ast-global-color-4)","background-image":"","background-repeat":"repeat","background-position":"center center","background-size":"auto","background-attachment":"scroll","background-type":"","background-media":"","overlay-type":"","overlay-color":"","overlay-opacity":"","overlay-gradient":""},"tablet":{"background-color":"","background-image":"","background-repeat":"repeat","background-position":"center center","background-size":"auto","background-attachment":"scroll","background-type":"","background-media":"","overlay-type":"","overlay-color":"","overlay-opacity":"","overlay-gradient":""},"mobile":{"background-color":"","background-image":"","background-repeat":"repeat","background-position":"center center","background-size":"auto","background-attachment":"scroll","background-type":"","background-media":"","overlay-type":"","overlay-color":"","overlay-opacity":"","overlay-gradient":""}},"ast-content-background-meta":{"desktop":{"background-color":"var(--ast-global-color-5)","background-image":"","background-repeat":"repeat","background-position":"center center","background-size":"auto","background-attachment":"scroll","background-type":"","background-media":"","overlay-type":"","overlay-color":"","overlay-opacity":"","overlay-gradient":""},"tablet":{"background-color":"var(--ast-global-color-5)","background-image":"","background-repeat":"repeat","background-position":"center center","background-size":"auto","background-attachment":"scroll","background-type":"","background-media":"","overlay-type":"","overlay-color":"","overlay-opacity":"","overlay-gradient":""},"mobile":{"background-color":"var(--ast-global-color-5)","background-image":"","background-repeat":"repeat","background-position":"center center","background-size":"auto","background-attachment":"scroll","background-type":"","background-media":"","overlay-type":"","overlay-color":"","overlay-opacity":"","overlay-gradient":""}},"footnotes":""},"class_list":["post-100","page","type-page","status-publish","hentry"],"_links":{"self":[{"href":"https:\/\/www.koanpan.com\/en\/wp-json\/wp\/v2\/pages\/100","targetHints":{"allow":["GET"]}}],"collection":[{"href":"https:\/\/www.koanpan.com\/en\/wp-json\/wp\/v2\/pages"}],"about":[{"href":"https:\/\/www.koanpan.com\/en\/wp-json\/wp\/v2\/types\/page"}],"author":[{"embeddable":true,"href":"https:\/\/www.koanpan.com\/en\/wp-json\/wp\/v2\/users\/1"}],"replies":[{"embeddable":true,"href":"https:\/\/www.koanpan.com\/en\/wp-json\/wp\/v2\/comments?post=100"}],"version-history":[{"count":13,"href":"https:\/\/www.koanpan.com\/en\/wp-json\/wp\/v2\/pages\/100\/revisions"}],"predecessor-version":[{"id":442,"href":"https:\/\/www.koanpan.com\/en\/wp-json\/wp\/v2\/pages\/100\/revisions\/442"}],"wp:attachment":[{"href":"https:\/\/www.koanpan.com\/en\/wp-json\/wp\/v2\/media?parent=100"}],"curies":[{"name":"wp","href":"https:\/\/api.w.org\/{rel}","templated":true}]}}