{"id":102,"date":"2022-02-02T14:32:30","date_gmt":"2022-02-02T14:32:30","guid":{"rendered":"http:\/\/koanrefonte\/?page_id=102"},"modified":"2022-02-12T13:39:37","modified_gmt":"2022-02-12T13:39:37","slug":"cgv","status":"publish","type":"page","link":"https:\/\/www.koanpan.com\/en\/cgv\/","title":{"rendered":"cgv"},"content":{"rendered":"<div data-elementor-type=\"wp-page\" data-elementor-id=\"102\" class=\"elementor elementor-102\">\n\t\t\t\t\t\t<section class=\"elementor-section elementor-top-section elementor-element elementor-element-64be420c elementor-section-full_width elementor-section-height-min-height elementor-section-height-default elementor-section-items-middle\" data-id=\"64be420c\" data-element_type=\"section\" data-settings=\"{&quot;background_background&quot;:&quot;classic&quot;}\">\n\t\t\t\t\t\t\t<div class=\"elementor-background-overlay\"><\/div>\n\t\t\t\t\t\t\t<div class=\"elementor-container elementor-column-gap-default\">\n\t\t\t\t\t<div class=\"elementor-column elementor-col-100 elementor-top-column elementor-element elementor-element-43c691be\" data-id=\"43c691be\" data-element_type=\"column\">\n\t\t\t<div class=\"elementor-widget-wrap\">\n\t\t\t\t\t\t\t<\/div>\n\t\t<\/div>\n\t\t\t\t\t<\/div>\n\t\t<\/section>\n\t\t\t\t<section class=\"elementor-section elementor-top-section elementor-element elementor-element-1c45593 elementor-section-boxed elementor-section-height-default elementor-section-height-default\" data-id=\"1c45593\" data-element_type=\"section\" data-settings=\"{&quot;background_background&quot;:&quot;classic&quot;}\">\n\t\t\t\t\t\t<div class=\"elementor-container elementor-column-gap-default\">\n\t\t\t\t\t<div class=\"elementor-column elementor-col-100 elementor-top-column elementor-element elementor-element-8412103\" data-id=\"8412103\" data-element_type=\"column\">\n\t\t\t<div class=\"elementor-widget-wrap elementor-element-populated\">\n\t\t\t\t\t\t<div class=\"elementor-element elementor-element-db508d7 elementor-widget elementor-widget-text-editor\" data-id=\"db508d7\" data-element_type=\"widget\" data-widget_type=\"text-editor.default\">\n\t\t\t\t<div class=\"elementor-widget-container\">\n\t\t\t\t\t\t\t\t\t<p>Les pr\u00e9sentes conditions r\u00e9gissent les relations contractuelles entre KOAN, n\u00b0 de SIRET 48766651300022 , dont le si\u00e8ge social est situ\u00e9 \u00e0 Araules (43200) et la personne proc\u00e9dant \u00e0 l\u2019achat. Les CGV applicables sont celles \u00e9tant en vigueur au moment de la validation de la commande. Toutes les cr\u00e9ations pr\u00e9sent\u00e9es sur le site internet et les r\u00e9seaux sociaux sont la propri\u00e9t\u00e9 intellectuelle de KOAN.\u00a0<\/p><ol><li><strong>Les produits<br \/><\/strong><p>Chaque cr\u00e9ation mise\u00a0 en vente par KOAN peut comporter des irr\u00e9gularit\u00e9s, des diff\u00e9rences\u00a0 de sonorit\u00e9s variant d\u2019une pi\u00e8ce \u00e0 une autre. Les photos des articles pr\u00e9sent\u00e9s ne sont pas contractuelles.\u00a0<\/p><\/li><li><strong>Les prix<br \/><\/strong>Les tarifs des articles ne sont pas soumis \u00e0 la TVA. Ils sont valables au jour o\u00f9 la commande est valid\u00e9e. Toutes les commandes sont payables en euros. KOAN se r\u00e9serve le droit de modifier ses tarifs \u00e0 tout moment. Les articles demeurent la propri\u00e9t\u00e9 de KOAN jusqu\u2019au paiement complet de la commande.<\/li><li><strong>Modalit\u00e9s et d\u00e9lais de paiement<br \/><\/strong><p>Le paiement est exigible d\u00e8s la validation de la commande aupr\u00e8s de KOAN. Diff\u00e9rents moyens de paiements sont possibles. <strong>Avant tout achat, le client s\u2019engage \u00e0 avoir pris connaissance des conditions g\u00e9n\u00e9rales de ventes de KOAN.\u00a0<\/strong><\/p><p>KOAN se r\u00e9serve la possibilit\u00e9 de ne pas enregistrer une commande en cas de probl\u00e8mes d\u2019approvisionnement ou en cas de difficult\u00e9 quelle qu\u2019elle soit.<\/p><\/li><li><strong>Livraison, d\u00e9lais et frais de livraison<br \/><\/strong><br \/><p dir=\"ltr\">La commande sera envoy\u00e9e \u00e0 l\u2019adresse indiqu\u00e9e par le client. Les frais de port comprennent les frais de pr\u00e9paration du paquet ainsi que les frais de livraison et sont compris dans le prix d\u2019achat pour les particuliers. La responsabilit\u00e9 de KOAN n\u2019est pas engag\u00e9e en cas de perte de produits ou l\u2019allongement du d\u00e9lai de livraison par le livreur. Par ailleurs, les produits sont envoy\u00e9s avec le plus grand soin. KOAN d\u00e9cline toute responsabilit\u00e9 en cas de mauvais traitement du colis par le livreur.<\/p><p dir=\"ltr\">Habituellement, les articles sont cr\u00e9\u00e9s dans un d\u00e9lai maximum de 2 \u00e0 5 mois. Ces informations seront communiqu\u00e9es au client au pr\u00e9alable et par validation \u00e9crite.<\/p><\/li><li><strong>S.A.V et R\u00e9tractation<br \/><\/strong><br \/><p dir=\"ltr\">Le client b\u00e9n\u00e9ficie d\u2019un droit de r\u00e9tractation de 14 jours (loi Hamon) et peut avoir acc\u00e8s \u00e0 un formulaire de r\u00e9traction. La reprise de marchandise ne peut avoir lieu sans accord pr\u00e9alable avec KOAN. Toute demande devra au pr\u00e9alable \u00eatre effectu\u00e9e par mail \u00e0 l\u2019adresse <a href=\"mailto:willowatelier@gmail.com\" target=\"_blank\" rel=\"noopener\">contact@koanpan.com<\/a>\u00a0et sous les conditions suivantes:<\/p><ul><li dir=\"ltr\"><p dir=\"ltr\" role=\"presentation\">\u00catre en parfait \u00e9tat (tout dommage subi peut \u00eatre de nature \u00e0 faire \u00e9chec au droit de r\u00e9tractation)<\/p><\/li><li dir=\"ltr\"><p dir=\"ltr\" role=\"presentation\">\u00catre conditionn\u00e9 dans un emballage assurant la protection des articles<\/p><\/li><li dir=\"ltr\"><p dir=\"ltr\" role=\"presentation\">\u00catre exp\u00e9di\u00e9 en courrier suivi (Les frais de retour sont \u00e0 votre charge.)<\/p><\/li><\/ul><p dir=\"ltr\">CE DROIT DE R\u00c9TRACTATION N\u2019EST PAS APPLICABLE POUR LES ARTICLES PERSONNALISES, SUR MESURE ET\/OU CR\u00c9\u00c9S EXCLUSIVEMENT POUR LE CLIENT. Ces articles ne seront alors ni repris, ni \u00e9chang\u00e9s.\u00a0<br \/><br \/><\/p><\/li><li><strong>Stockage et responsabilit\u00e9<br \/><\/strong><br \/><p dir=\"ltr\">KOAN garantit la conformit\u00e9 de la chose vendue (L211-4 du Code de la consommation). KOAN est garant des vices cach\u00e9s de l\u2019objet vendu (1641 du Code civil). Un vice cach\u00e9 est un d\u00e9faut de l\u2019objet vendu qui le rend impropre \u00e0 l\u2019usage auquel on le destine. Tous les articles sont confectionn\u00e9s \u00e0 la main. Ils sont conformes \u00e0 la l\u00e9gislation fran\u00e7aise en vigueur. Cependant KOAN ne saurait \u00eatre tenu pour responsable des dommages r\u00e9sultant d\u2019une mauvaise utilisation de l\u2019article. Notamment en cas de contact avec des produits non pr\u00e9vus \u00e0 l&rsquo;usage ou d\u2019une exposition prolong\u00e9 au soleil qui pourrait d\u00e9t\u00e9riorer la qualit\u00e9 de l\u2019article.\u00a0<\/p><\/li><li><strong>Droit applicable en cas de litige<br \/><\/strong><span id=\"m_-4902231189994721876gmail-m_4836093853585383578gmail-docs-internal-guid-0065789f-7fff-2388-13fe-aca7f5b6d9f6\">Tous bons de commandes, factures sont enregistr\u00e9s sur support num\u00e9rique et papier. Elles sont une copie exacte des documents re\u00e7us par le client conform\u00e9ment aux dispositions de l\u2019article 1348 du Code Civil. Par ailleurs les \u00e9changes par email, les bons de validation de commandes et transactions ayant lieu entre KOAN et le client sont consid\u00e9r\u00e9es comme des preuves de communications.<br \/>La loi fran\u00e7aise sera seule applicable. En cas de litige ou de contestation, les tribunaux fran\u00e7ais seront seuls comp\u00e9tents.\u00a0\u00a0<\/span><strong><br \/><\/strong><\/li><\/ol>\t\t\t\t\t\t\t\t<\/div>\n\t\t\t\t<\/div>\n\t\t\t\t\t<\/div>\n\t\t<\/div>\n\t\t\t\t\t<\/div>\n\t\t<\/section>\n\t\t\t\t<\/div>","protected":false},"excerpt":{"rendered":"<p>Les pr\u00e9sentes conditions r\u00e9gissent les relations contractuelles entre KOAN, n\u00b0 de SIRET 48766651300022 , dont le si\u00e8ge social est situ\u00e9 \u00e0 Araules (43200) et la personne proc\u00e9dant \u00e0 l\u2019achat. Les CGV applicables sont celles \u00e9tant en vigueur au moment de la validation de la commande. Toutes les cr\u00e9ations pr\u00e9sent\u00e9es sur le site internet et les [&hellip;]<\/p>","protected":false},"author":1,"featured_media":0,"parent":0,"menu_order":0,"comment_status":"closed","ping_status":"closed","template":"","meta":{"site-sidebar-layout":"no-sidebar","site-content-layout":"page-builder","ast-site-content-layout":"default","site-content-style":"default","site-sidebar-style":"default","ast-global-header-display":"","ast-banner-title-visibility":"","ast-main-header-display":"","ast-hfb-above-header-display":"","ast-hfb-below-header-display":"","ast-hfb-mobile-header-display":"","site-post-title":"disabled","ast-breadcrumbs-content":"disabled","ast-featured-img":"disabled","footer-sml-layout":"","ast-disable-related-posts":"","theme-transparent-header-meta":"enabled","adv-header-id-meta":"","stick-header-meta":"","header-above-stick-meta":"","header-main-stick-meta":"","header-below-stick-meta":"","astra-migrate-meta-layouts":"default","ast-page-background-enabled":"default","ast-page-background-meta":{"desktop":{"background-color":"var(--ast-global-color-4)","background-image":"","background-repeat":"repeat","background-position":"center center","background-size":"auto","background-attachment":"scroll","background-type":"","background-media":"","overlay-type":"","overlay-color":"","overlay-opacity":"","overlay-gradient":""},"tablet":{"background-color":"","background-image":"","background-repeat":"repeat","background-position":"center center","background-size":"auto","background-attachment":"scroll","background-type":"","background-media":"","overlay-type":"","overlay-color":"","overlay-opacity":"","overlay-gradient":""},"mobile":{"background-color":"","background-image":"","background-repeat":"repeat","background-position":"center center","background-size":"auto","background-attachment":"scroll","background-type":"","background-media":"","overlay-type":"","overlay-color":"","overlay-opacity":"","overlay-gradient":""}},"ast-content-background-meta":{"desktop":{"background-color":"var(--ast-global-color-5)","background-image":"","background-repeat":"repeat","background-position":"center center","background-size":"auto","background-attachment":"scroll","background-type":"","background-media":"","overlay-type":"","overlay-color":"","overlay-opacity":"","overlay-gradient":""},"tablet":{"background-color":"var(--ast-global-color-5)","background-image":"","background-repeat":"repeat","background-position":"center center","background-size":"auto","background-attachment":"scroll","background-type":"","background-media":"","overlay-type":"","overlay-color":"","overlay-opacity":"","overlay-gradient":""},"mobile":{"background-color":"var(--ast-global-color-5)","background-image":"","background-repeat":"repeat","background-position":"center center","background-size":"auto","background-attachment":"scroll","background-type":"","background-media":"","overlay-type":"","overlay-color":"","overlay-opacity":"","overlay-gradient":""}},"footnotes":""},"class_list":["post-102","page","type-page","status-publish","hentry"],"_links":{"self":[{"href":"https:\/\/www.koanpan.com\/en\/wp-json\/wp\/v2\/pages\/102","targetHints":{"allow":["GET"]}}],"collection":[{"href":"https:\/\/www.koanpan.com\/en\/wp-json\/wp\/v2\/pages"}],"about":[{"href":"https:\/\/www.koanpan.com\/en\/wp-json\/wp\/v2\/types\/page"}],"author":[{"embeddable":true,"href":"https:\/\/www.koanpan.com\/en\/wp-json\/wp\/v2\/users\/1"}],"replies":[{"embeddable":true,"href":"https:\/\/www.koanpan.com\/en\/wp-json\/wp\/v2\/comments?post=102"}],"version-history":[{"count":13,"href":"https:\/\/www.koanpan.com\/en\/wp-json\/wp\/v2\/pages\/102\/revisions"}],"predecessor-version":[{"id":438,"href":"https:\/\/www.koanpan.com\/en\/wp-json\/wp\/v2\/pages\/102\/revisions\/438"}],"wp:attachment":[{"href":"https:\/\/www.koanpan.com\/en\/wp-json\/wp\/v2\/media?parent=102"}],"curies":[{"name":"wp","href":"https:\/\/api.w.org\/{rel}","templated":true}]}}